{"id":4294,"date":"2023-09-11T16:30:09","date_gmt":"2023-09-11T16:30:09","guid":{"rendered":"https:\/\/bodegastoso.com\/prensa\/"},"modified":"2024-06-07T22:10:55","modified_gmt":"2024-06-07T22:10:55","slug":"prensa","status":"publish","type":"page","link":"https:\/\/bodegastoso.com\/en\/prensa\/","title":{"rendered":"News"},"content":{"rendered":"\t\t<div data-elementor-type=\"wp-page\" data-elementor-id=\"4294\" class=\"elementor elementor-4294\" data-elementor-post-type=\"page\">\n\t\t\t\t<div class=\"elementor-element elementor-element-39a0cc0 e-flex e-con-boxed elementor-invisible e-con e-parent\" data-id=\"39a0cc0\" data-element_type=\"container\" data-e-type=\"container\" data-settings=\"{&quot;background_background&quot;:&quot;classic&quot;,&quot;animation&quot;:&quot;fadeIn&quot;}\">\n\t\t\t\t\t<div class=\"e-con-inner\">\n\t\t\t\t<div class=\"elementor-element elementor-element-56bce71 elementor-invisible elementor-widget elementor-widget-heading\" data-id=\"56bce71\" data-element_type=\"widget\" data-e-type=\"widget\" data-settings=\"{&quot;_animation&quot;:&quot;fadeInUp&quot;,&quot;_animation_delay&quot;:600}\" data-widget_type=\"heading.default\">\n\t\t\t\t<div class=\"elementor-widget-container\">\n\t\t\t\t\t<h1 class=\"elementor-heading-title elementor-size-default\">News<\/h1>\t\t\t\t<\/div>\n\t\t\t\t<\/div>\n\t\t\t\t\t<\/div>\n\t\t\t\t<\/div>\n\t\t<div class=\"elementor-element elementor-element-047cb10 e-flex e-con-boxed e-con e-parent\" data-id=\"047cb10\" data-element_type=\"container\" data-e-type=\"container\" data-settings=\"{&quot;background_background&quot;:&quot;classic&quot;}\">\n\t\t\t\t\t<div class=\"e-con-inner\">\n\t\t<div class=\"elementor-element elementor-element-842d1d1 e-flex e-con-boxed e-con e-child\" data-id=\"842d1d1\" data-element_type=\"container\" data-e-type=\"container\">\n\t\t\t\t\t<div class=\"e-con-inner\">\n\t\t<div class=\"elementor-element elementor-element-c50b72e e-con-full e-flex elementor-invisible e-con e-child\" data-id=\"c50b72e\" data-element_type=\"container\" data-e-type=\"container\" data-settings=\"{&quot;animation&quot;:&quot;fadeInUp&quot;,&quot;animation_delay&quot;:600}\">\n\t\t<div class=\"elementor-element elementor-element-7baa72a e-flex e-con-boxed e-con e-child\" data-id=\"7baa72a\" data-element_type=\"container\" data-e-type=\"container\">\n\t\t\t\t\t<div class=\"e-con-inner\">\n\t\t\t\t<div class=\"elementor-element elementor-element-610d8a7 elementor-widget elementor-widget-image\" data-id=\"610d8a7\" data-element_type=\"widget\" data-e-type=\"widget\" data-widget_type=\"image.default\">\n\t\t\t\t<div class=\"elementor-widget-container\">\n\t\t\t\t\t\t\t\t\t\t\t\t\t\t\t<img fetchpriority=\"high\" decoding=\"async\" width=\"540\" height=\"350\" src=\"https:\/\/bodegastoso.com\/wp-content\/uploads\/2023\/09\/noticia1-1.jpg\" class=\"attachment-large size-large wp-image-1779\" alt=\"\" srcset=\"https:\/\/bodegastoso.com\/wp-content\/uploads\/2023\/09\/noticia1-1.jpg 540w, https:\/\/bodegastoso.com\/wp-content\/uploads\/2023\/09\/noticia1-1-300x194.jpg 300w\" sizes=\"(max-width: 540px) 100vw, 540px\" \/>\t\t\t\t\t\t\t\t\t\t\t\t\t\t\t<\/div>\n\t\t\t\t<\/div>\n\t\t\t\t\t<\/div>\n\t\t\t\t<\/div>\n\t\t<div class=\"elementor-element elementor-element-257069e e-flex e-con-boxed e-con e-child\" data-id=\"257069e\" data-element_type=\"container\" data-e-type=\"container\" data-settings=\"{&quot;background_background&quot;:&quot;classic&quot;}\">\n\t\t\t\t\t<div class=\"e-con-inner\">\n\t\t\t\t<div class=\"elementor-element elementor-element-16996e5 elementor-widget elementor-widget-heading\" data-id=\"16996e5\" data-element_type=\"widget\" data-e-type=\"widget\" data-widget_type=\"heading.default\">\n\t\t\t\t<div class=\"elementor-widget-container\">\n\t\t\t\t\t<h2 class=\"elementor-heading-title elementor-size-default\">Alta gama y buen precio: Malbec imperdibles por menos de $7.000.<\/h2>\t\t\t\t<\/div>\n\t\t\t\t<\/div>\n\t\t\t\t<div class=\"elementor-element elementor-element-927bdab elementor-widget elementor-widget-text-editor\" data-id=\"927bdab\" data-element_type=\"widget\" data-e-type=\"widget\" data-widget_type=\"text-editor.default\">\n\t\t\t\t<div class=\"elementor-widget-container\">\n\t\t\t\t\t\t\t\t\t<p>16\/4\/2022 &#8211; \u00c1MBITO<\/p>\t\t\t\t\t\t\t\t<\/div>\n\t\t\t\t<\/div>\n\t\t\t\t<div class=\"elementor-element elementor-element-55c4abf elementor-widget elementor-widget-text-editor\" data-id=\"55c4abf\" data-element_type=\"widget\" data-e-type=\"widget\" data-widget_type=\"text-editor.default\">\n\t\t\t\t<div class=\"elementor-widget-container\">\n\t\t\t\t\t\t\t\t\tVinos premium y precio razonable muchas veces no van de la mano. En este caso, ofrecemos un listado de opciones de etiquetas con una excelente relaci\u00f3n precio calidad.\t\t\t\t\t\t\t\t<\/div>\n\t\t\t\t<\/div>\n\t\t\t\t<div class=\"elementor-element elementor-element-3518359 elementor-widget elementor-widget-the7_button_widget\" data-id=\"3518359\" data-element_type=\"widget\" data-e-type=\"widget\" data-widget_type=\"the7_button_widget.default\">\n\t\t\t\t<div class=\"elementor-widget-container\">\n\t\t\t\t\t<div class=\"elementor-button-wrapper\"><a href=\"https:\/\/www.ambito.com\/lifestyle\/malbec\/alta-gama-y-buen-precio-imperdibles-menos-7000-n5417467\" target=\"_blank\" class=\"box-button elementor-button elementor-size-xs\">LEER M\u00c1S<\/a><\/div>\t\t\t\t<\/div>\n\t\t\t\t<\/div>\n\t\t\t\t\t<\/div>\n\t\t\t\t<\/div>\n\t\t\t\t<\/div>\n\t\t<div class=\"elementor-element elementor-element-45727d1 e-con-full e-flex elementor-invisible e-con e-child\" data-id=\"45727d1\" data-element_type=\"container\" data-e-type=\"container\" data-settings=\"{&quot;animation&quot;:&quot;fadeInUp&quot;,&quot;animation_delay&quot;:600}\">\n\t\t<div class=\"elementor-element elementor-element-09256df e-con-full e-flex e-con e-child\" data-id=\"09256df\" data-element_type=\"container\" data-e-type=\"container\">\n\t\t<div class=\"elementor-element elementor-element-1d2415b e-flex e-con-boxed e-con e-child\" data-id=\"1d2415b\" data-element_type=\"container\" data-e-type=\"container\">\n\t\t\t\t\t<div class=\"e-con-inner\">\n\t\t\t\t<div class=\"elementor-element elementor-element-aa78d37 elementor-widget elementor-widget-image\" data-id=\"aa78d37\" data-element_type=\"widget\" data-e-type=\"widget\" data-widget_type=\"image.default\">\n\t\t\t\t<div class=\"elementor-widget-container\">\n\t\t\t\t\t\t\t\t\t\t\t\t\t\t\t<img decoding=\"async\" width=\"540\" height=\"350\" src=\"https:\/\/bodegastoso.com\/wp-content\/uploads\/2023\/09\/noticia2.jpg\" class=\"attachment-large size-large wp-image-1790\" alt=\"\" srcset=\"https:\/\/bodegastoso.com\/wp-content\/uploads\/2023\/09\/noticia2.jpg 540w, https:\/\/bodegastoso.com\/wp-content\/uploads\/2023\/09\/noticia2-300x194.jpg 300w\" sizes=\"(max-width: 540px) 100vw, 540px\" \/>\t\t\t\t\t\t\t\t\t\t\t\t\t\t\t<\/div>\n\t\t\t\t<\/div>\n\t\t\t\t\t<\/div>\n\t\t\t\t<\/div>\n\t\t<div class=\"elementor-element elementor-element-1a6bff5 e-flex e-con-boxed e-con e-child\" data-id=\"1a6bff5\" data-element_type=\"container\" data-e-type=\"container\" data-settings=\"{&quot;background_background&quot;:&quot;classic&quot;}\">\n\t\t\t\t\t<div class=\"e-con-inner\">\n\t\t\t\t<div class=\"elementor-element elementor-element-f321828 elementor-widget elementor-widget-heading\" data-id=\"f321828\" data-element_type=\"widget\" data-e-type=\"widget\" data-widget_type=\"heading.default\">\n\t\t\t\t<div class=\"elementor-widget-container\">\n\t\t\t\t\t<h2 class=\"elementor-heading-title elementor-size-default\">Pascual Toso Alta Syrah: Conoc\u00e9 al mejor Syrah de Argentina.<\/h2>\t\t\t\t<\/div>\n\t\t\t\t<\/div>\n\t\t\t\t<div class=\"elementor-element elementor-element-87afbcd elementor-widget elementor-widget-text-editor\" data-id=\"87afbcd\" data-element_type=\"widget\" data-e-type=\"widget\" data-widget_type=\"text-editor.default\">\n\t\t\t\t<div class=\"elementor-widget-container\">\n\t\t\t\t\t\t\t\t\t<p>5\/8\/2022 &#8211; VIN\u00d3MANOS<\/p>\t\t\t\t\t\t\t\t<\/div>\n\t\t\t\t<\/div>\n\t\t\t\t<div class=\"elementor-element elementor-element-94f5ffc elementor-widget elementor-widget-text-editor\" data-id=\"94f5ffc\" data-element_type=\"widget\" data-e-type=\"widget\" data-widget_type=\"text-editor.default\">\n\t\t\t\t<div class=\"elementor-widget-container\">\n\t\t\t\t\t\t\t\t\t<p>El Lic. Rodrigo Romero, winemaker de Pascual Toso, presenta su Pascual Toso Alta Syrah, reconocido como mejor Syrah de Argentina por Syrah du Monde 2022.<\/p>\t\t\t\t\t\t\t\t<\/div>\n\t\t\t\t<\/div>\n\t\t\t\t<div class=\"elementor-element elementor-element-338c5e4 elementor-widget elementor-widget-the7_button_widget\" data-id=\"338c5e4\" data-element_type=\"widget\" data-e-type=\"widget\" data-widget_type=\"the7_button_widget.default\">\n\t\t\t\t<div class=\"elementor-widget-container\">\n\t\t\t\t\t<div class=\"elementor-button-wrapper\"><a href=\"https:\/\/vinomanos.com\/2022\/08\/pascual-toso-alta-syrah\/\" target=\"_blank\" class=\"box-button elementor-button elementor-size-xs\">LEER M\u00c1S<\/a><\/div>\t\t\t\t<\/div>\n\t\t\t\t<\/div>\n\t\t\t\t\t<\/div>\n\t\t\t\t<\/div>\n\t\t\t\t<\/div>\n\t\t\t\t<\/div>\n\t\t<div class=\"elementor-element elementor-element-2e28660 e-con-full e-flex elementor-invisible e-con e-child\" data-id=\"2e28660\" data-element_type=\"container\" data-e-type=\"container\" data-settings=\"{&quot;animation&quot;:&quot;fadeInUp&quot;,&quot;animation_delay&quot;:600}\">\n\t\t<div class=\"elementor-element elementor-element-a2e34cf e-flex e-con-boxed e-con e-child\" data-id=\"a2e34cf\" data-element_type=\"container\" data-e-type=\"container\">\n\t\t\t\t\t<div class=\"e-con-inner\">\n\t\t<div class=\"elementor-element elementor-element-a823c9e e-flex e-con-boxed e-con e-child\" data-id=\"a823c9e\" data-element_type=\"container\" data-e-type=\"container\">\n\t\t\t\t\t<div class=\"e-con-inner\">\n\t\t\t\t<div class=\"elementor-element elementor-element-1c3f4a2 elementor-widget elementor-widget-image\" data-id=\"1c3f4a2\" data-element_type=\"widget\" data-e-type=\"widget\" data-widget_type=\"image.default\">\n\t\t\t\t<div class=\"elementor-widget-container\">\n\t\t\t\t\t\t\t\t\t\t\t\t\t\t\t<img decoding=\"async\" width=\"540\" height=\"350\" src=\"https:\/\/bodegastoso.com\/wp-content\/uploads\/2023\/09\/noticia3.jpg\" class=\"attachment-large size-large wp-image-1794\" alt=\"\" srcset=\"https:\/\/bodegastoso.com\/wp-content\/uploads\/2023\/09\/noticia3.jpg 540w, https:\/\/bodegastoso.com\/wp-content\/uploads\/2023\/09\/noticia3-300x194.jpg 300w\" sizes=\"(max-width: 540px) 100vw, 540px\" \/>\t\t\t\t\t\t\t\t\t\t\t\t\t\t\t<\/div>\n\t\t\t\t<\/div>\n\t\t\t\t\t<\/div>\n\t\t\t\t<\/div>\n\t\t<div class=\"elementor-element elementor-element-52cd35c e-flex e-con-boxed e-con e-child\" data-id=\"52cd35c\" data-element_type=\"container\" data-e-type=\"container\" data-settings=\"{&quot;background_background&quot;:&quot;classic&quot;}\">\n\t\t\t\t\t<div class=\"e-con-inner\">\n\t\t\t\t<div class=\"elementor-element elementor-element-d310fb3 elementor-widget elementor-widget-heading\" data-id=\"d310fb3\" data-element_type=\"widget\" data-e-type=\"widget\" data-widget_type=\"heading.default\">\n\t\t\t\t<div class=\"elementor-widget-container\">\n\t\t\t\t\t<h2 class=\"elementor-heading-title elementor-size-default\">Estos son los mejores vinos del 2022, seg\u00fan el voto de 35 en\u00f3logos.<\/h2>\t\t\t\t<\/div>\n\t\t\t\t<\/div>\n\t\t\t\t<div class=\"elementor-element elementor-element-714c55e elementor-widget elementor-widget-text-editor\" data-id=\"714c55e\" data-element_type=\"widget\" data-e-type=\"widget\" data-widget_type=\"text-editor.default\">\n\t\t\t\t<div class=\"elementor-widget-container\">\n\t\t\t\t\t\t\t\t\t<p>30\/12\/2022 &#8211; IPROFESIONAL<\/p>\t\t\t\t\t\t\t\t<\/div>\n\t\t\t\t<\/div>\n\t\t\t\t<div class=\"elementor-element elementor-element-2cc9f71 elementor-widget elementor-widget-text-editor\" data-id=\"2cc9f71\" data-element_type=\"widget\" data-e-type=\"widget\" data-widget_type=\"text-editor.default\">\n\t\t\t\t<div class=\"elementor-widget-container\">\n\t\t\t\t\t\t\t\t\tGrandes referentes de la industria vitivin\u00edcola argentina se sumaron al desaf\u00edo de iProfesional y eligieron el vino m\u00e1s destacado del a\u00f1o\t\t\t\t\t\t\t\t<\/div>\n\t\t\t\t<\/div>\n\t\t\t\t<div class=\"elementor-element elementor-element-1542ec9 elementor-widget elementor-widget-the7_button_widget\" data-id=\"1542ec9\" data-element_type=\"widget\" data-e-type=\"widget\" data-widget_type=\"the7_button_widget.default\">\n\t\t\t\t<div class=\"elementor-widget-container\">\n\t\t\t\t\t<div class=\"elementor-button-wrapper\"><a href=\"https:\/\/www.iprofesional.com\/vinos\/374951-estos-son-los-mejores-vinos-del-2022-segun-el-voto-de-35-enologos\" target=\"_blank\" class=\"box-button elementor-button elementor-size-xs\">LEER M\u00c1S<\/a><\/div>\t\t\t\t<\/div>\n\t\t\t\t<\/div>\n\t\t\t\t\t<\/div>\n\t\t\t\t<\/div>\n\t\t\t\t\t<\/div>\n\t\t\t\t<\/div>\n\t\t\t\t<\/div>\n\t\t\t\t\t<\/div>\n\t\t\t\t<\/div>\n\t\t<div class=\"elementor-element elementor-element-ac6fa0a e-flex e-con-boxed e-con e-child\" data-id=\"ac6fa0a\" data-element_type=\"container\" data-e-type=\"container\">\n\t\t\t\t\t<div class=\"e-con-inner\">\n\t\t<div class=\"elementor-element elementor-element-e92294d e-con-full e-flex elementor-invisible e-con e-child\" data-id=\"e92294d\" data-element_type=\"container\" data-e-type=\"container\" data-settings=\"{&quot;animation&quot;:&quot;fadeInUp&quot;,&quot;animation_delay&quot;:600}\">\n\t\t<div class=\"elementor-element elementor-element-b00263e e-flex e-con-boxed e-con e-child\" data-id=\"b00263e\" data-element_type=\"container\" data-e-type=\"container\">\n\t\t\t\t\t<div class=\"e-con-inner\">\n\t\t\t\t<div class=\"elementor-element elementor-element-177f689 elementor-widget elementor-widget-image\" data-id=\"177f689\" data-element_type=\"widget\" data-e-type=\"widget\" data-widget_type=\"image.default\">\n\t\t\t\t<div class=\"elementor-widget-container\">\n\t\t\t\t\t\t\t\t\t\t\t\t\t\t\t<img loading=\"lazy\" decoding=\"async\" width=\"540\" height=\"350\" src=\"https:\/\/bodegastoso.com\/wp-content\/uploads\/2023\/09\/noticia4.jpg\" class=\"attachment-large size-large wp-image-1797\" alt=\"\" srcset=\"https:\/\/bodegastoso.com\/wp-content\/uploads\/2023\/09\/noticia4.jpg 540w, https:\/\/bodegastoso.com\/wp-content\/uploads\/2023\/09\/noticia4-300x194.jpg 300w\" sizes=\"(max-width: 540px) 100vw, 540px\" \/>\t\t\t\t\t\t\t\t\t\t\t\t\t\t\t<\/div>\n\t\t\t\t<\/div>\n\t\t\t\t\t<\/div>\n\t\t\t\t<\/div>\n\t\t<div class=\"elementor-element elementor-element-e991c09 e-flex e-con-boxed e-con e-child\" data-id=\"e991c09\" data-element_type=\"container\" data-e-type=\"container\" data-settings=\"{&quot;background_background&quot;:&quot;classic&quot;}\">\n\t\t\t\t\t<div class=\"e-con-inner\">\n\t\t\t\t<div class=\"elementor-element elementor-element-7f1c970 elementor-widget elementor-widget-heading\" data-id=\"7f1c970\" data-element_type=\"widget\" data-e-type=\"widget\" data-widget_type=\"heading.default\">\n\t\t\t\t<div class=\"elementor-widget-container\">\n\t\t\t\t\t<h2 class=\"elementor-heading-title elementor-size-default\">Raro, como encendido: 10 imperdibles syrah.<\/h2>\t\t\t\t<\/div>\n\t\t\t\t<\/div>\n\t\t\t\t<div class=\"elementor-element elementor-element-6414e7e elementor-widget elementor-widget-text-editor\" data-id=\"6414e7e\" data-element_type=\"widget\" data-e-type=\"widget\" data-widget_type=\"text-editor.default\">\n\t\t\t\t<div class=\"elementor-widget-container\">\n\t\t\t\t\t\t\t\t\t<p>15\/2\/2021 &#8211; VIN\u00d3MANOS<\/p>\t\t\t\t\t\t\t\t<\/div>\n\t\t\t\t<\/div>\n\t\t\t\t<div class=\"elementor-element elementor-element-13d6441 elementor-widget elementor-widget-text-editor\" data-id=\"13d6441\" data-element_type=\"widget\" data-e-type=\"widget\" data-widget_type=\"text-editor.default\">\n\t\t\t\t<div class=\"elementor-widget-container\">\n\t\t\t\t\t\t\t\t\t<p>Pas\u00f3 San Valent\u00edn pero hay otra excusa para creer en la pasi\u00f3n: el 16 de febrero es el D\u00eda Mundial del Syrah. Por qu\u00e9 quererlo fuerte, en esta nota.<\/p>\t\t\t\t\t\t\t\t<\/div>\n\t\t\t\t<\/div>\n\t\t\t\t<div class=\"elementor-element elementor-element-3c8a169 elementor-widget elementor-widget-the7_button_widget\" data-id=\"3c8a169\" data-element_type=\"widget\" data-e-type=\"widget\" data-widget_type=\"the7_button_widget.default\">\n\t\t\t\t<div class=\"elementor-widget-container\">\n\t\t\t\t\t<div class=\"elementor-button-wrapper\"><a href=\"https:\/\/vinomanos.com\/2021\/02\/proba-los-mejores-syrah-de-argentina\/\" target=\"_blank\" class=\"box-button elementor-button elementor-size-xs\">LEER M\u00c1S<\/a><\/div>\t\t\t\t<\/div>\n\t\t\t\t<\/div>\n\t\t\t\t\t<\/div>\n\t\t\t\t<\/div>\n\t\t\t\t<\/div>\n\t\t<div class=\"elementor-element elementor-element-76096e9 e-con-full e-flex elementor-invisible e-con e-child\" data-id=\"76096e9\" data-element_type=\"container\" data-e-type=\"container\" data-settings=\"{&quot;animation&quot;:&quot;fadeInUp&quot;,&quot;animation_delay&quot;:600}\">\n\t\t<div class=\"elementor-element elementor-element-e6af657 e-con-full e-flex e-con e-child\" data-id=\"e6af657\" data-element_type=\"container\" data-e-type=\"container\">\n\t\t<div class=\"elementor-element elementor-element-31cd054 e-flex e-con-boxed e-con e-child\" data-id=\"31cd054\" data-element_type=\"container\" data-e-type=\"container\">\n\t\t\t\t\t<div class=\"e-con-inner\">\n\t\t\t\t<div class=\"elementor-element elementor-element-bcecf8d elementor-widget elementor-widget-image\" data-id=\"bcecf8d\" data-element_type=\"widget\" data-e-type=\"widget\" data-widget_type=\"image.default\">\n\t\t\t\t<div class=\"elementor-widget-container\">\n\t\t\t\t\t\t\t\t\t\t\t\t\t\t\t<img loading=\"lazy\" decoding=\"async\" width=\"540\" height=\"350\" src=\"https:\/\/bodegastoso.com\/wp-content\/uploads\/2023\/09\/noticia5.jpg\" class=\"attachment-large size-large wp-image-1801\" alt=\"\" srcset=\"https:\/\/bodegastoso.com\/wp-content\/uploads\/2023\/09\/noticia5.jpg 540w, https:\/\/bodegastoso.com\/wp-content\/uploads\/2023\/09\/noticia5-300x194.jpg 300w\" sizes=\"(max-width: 540px) 100vw, 540px\" \/>\t\t\t\t\t\t\t\t\t\t\t\t\t\t\t<\/div>\n\t\t\t\t<\/div>\n\t\t\t\t\t<\/div>\n\t\t\t\t<\/div>\n\t\t<div class=\"elementor-element elementor-element-19095b2 e-flex e-con-boxed e-con e-child\" data-id=\"19095b2\" data-element_type=\"container\" data-e-type=\"container\" data-settings=\"{&quot;background_background&quot;:&quot;classic&quot;}\">\n\t\t\t\t\t<div class=\"e-con-inner\">\n\t\t\t\t<div class=\"elementor-element elementor-element-46b14bc elementor-widget elementor-widget-heading\" data-id=\"46b14bc\" data-element_type=\"widget\" data-e-type=\"widget\" data-widget_type=\"heading.default\">\n\t\t\t\t<div class=\"elementor-widget-container\">\n\t\t\t\t\t<h2 class=\"elementor-heading-title elementor-size-default\">Los 30 Malbec que deber\u00edas comprar para tener la mejor relaci\u00f3n...<\/h2>\t\t\t\t<\/div>\n\t\t\t\t<\/div>\n\t\t\t\t<div class=\"elementor-element elementor-element-7c88044 elementor-widget elementor-widget-text-editor\" data-id=\"7c88044\" data-element_type=\"widget\" data-e-type=\"widget\" data-widget_type=\"text-editor.default\">\n\t\t\t\t<div class=\"elementor-widget-container\">\n\t\t\t\t\t\t\t\t\t<p>17\/4\/2023 &#8211; VIN\u00d3MANOS<\/p>\t\t\t\t\t\t\t\t<\/div>\n\t\t\t\t<\/div>\n\t\t\t\t<div class=\"elementor-element elementor-element-838c737 elementor-widget elementor-widget-text-editor\" data-id=\"838c737\" data-element_type=\"widget\" data-e-type=\"widget\" data-widget_type=\"text-editor.default\">\n\t\t\t\t<div class=\"elementor-widget-container\">\n\t\t\t\t\t\t\t\t\t<p>Los 30 mejores Malbec calidad &#8211; precio: tenemos la llave del tesoro: ac\u00e1 te contamos cu\u00e1les son los Malbec en los que rinde gastar. Desde $900 hasta $3.000.-<\/p>\t\t\t\t\t\t\t\t<\/div>\n\t\t\t\t<\/div>\n\t\t\t\t<div class=\"elementor-element elementor-element-34e9f99 elementor-widget elementor-widget-the7_button_widget\" data-id=\"34e9f99\" data-element_type=\"widget\" data-e-type=\"widget\" data-widget_type=\"the7_button_widget.default\">\n\t\t\t\t<div class=\"elementor-widget-container\">\n\t\t\t\t\t<div class=\"elementor-button-wrapper\"><a href=\"https:\/\/vinomanos.com\/2023\/04\/mejores-malbec-calidad-precio\/amp\/\" target=\"_blank\" class=\"box-button elementor-button elementor-size-xs\">LEER M\u00c1S<\/a><\/div>\t\t\t\t<\/div>\n\t\t\t\t<\/div>\n\t\t\t\t\t<\/div>\n\t\t\t\t<\/div>\n\t\t\t\t<\/div>\n\t\t\t\t<\/div>\n\t\t<div class=\"elementor-element elementor-element-97c8e84 e-con-full e-flex elementor-invisible e-con e-child\" data-id=\"97c8e84\" data-element_type=\"container\" data-e-type=\"container\" data-settings=\"{&quot;animation&quot;:&quot;fadeInUp&quot;,&quot;animation_delay&quot;:600}\">\n\t\t<div class=\"elementor-element elementor-element-61a98d8 e-flex e-con-boxed e-con e-child\" data-id=\"61a98d8\" data-element_type=\"container\" data-e-type=\"container\">\n\t\t\t\t\t<div class=\"e-con-inner\">\n\t\t<div class=\"elementor-element elementor-element-b3c5608 e-flex e-con-boxed e-con e-child\" data-id=\"b3c5608\" data-element_type=\"container\" data-e-type=\"container\">\n\t\t\t\t\t<div class=\"e-con-inner\">\n\t\t\t\t<div class=\"elementor-element elementor-element-8d799eb elementor-widget elementor-widget-image\" data-id=\"8d799eb\" data-element_type=\"widget\" data-e-type=\"widget\" data-widget_type=\"image.default\">\n\t\t\t\t<div class=\"elementor-widget-container\">\n\t\t\t\t\t\t\t\t\t\t\t\t\t\t\t<img loading=\"lazy\" decoding=\"async\" width=\"540\" height=\"350\" src=\"https:\/\/bodegastoso.com\/wp-content\/uploads\/2023\/09\/noticia6.jpg\" class=\"attachment-large size-large wp-image-1805\" alt=\"\" srcset=\"https:\/\/bodegastoso.com\/wp-content\/uploads\/2023\/09\/noticia6.jpg 540w, https:\/\/bodegastoso.com\/wp-content\/uploads\/2023\/09\/noticia6-300x194.jpg 300w\" sizes=\"(max-width: 540px) 100vw, 540px\" \/>\t\t\t\t\t\t\t\t\t\t\t\t\t\t\t<\/div>\n\t\t\t\t<\/div>\n\t\t\t\t\t<\/div>\n\t\t\t\t<\/div>\n\t\t<div class=\"elementor-element elementor-element-1e6a244 e-flex e-con-boxed e-con e-child\" data-id=\"1e6a244\" data-element_type=\"container\" data-e-type=\"container\" data-settings=\"{&quot;background_background&quot;:&quot;classic&quot;}\">\n\t\t\t\t\t<div class=\"e-con-inner\">\n\t\t\t\t<div class=\"elementor-element elementor-element-82fa742 elementor-widget elementor-widget-heading\" data-id=\"82fa742\" data-element_type=\"widget\" data-e-type=\"widget\" data-widget_type=\"heading.default\">\n\t\t\t\t<div class=\"elementor-widget-container\">\n\t\t\t\t\t<h2 class=\"elementor-heading-title elementor-size-default\">D\u00eda internacional del Cabernet Sauvignon: los mejores de Argentina.<\/h2>\t\t\t\t<\/div>\n\t\t\t\t<\/div>\n\t\t\t\t<div class=\"elementor-element elementor-element-afc2106 elementor-widget elementor-widget-text-editor\" data-id=\"afc2106\" data-element_type=\"widget\" data-e-type=\"widget\" data-widget_type=\"text-editor.default\">\n\t\t\t\t<div class=\"elementor-widget-container\">\n\t\t\t\t\t\t\t\t\t<p>29\/8\/2022 &#8211; VIN\u00d3MANOS<\/p>\t\t\t\t\t\t\t\t<\/div>\n\t\t\t\t<\/div>\n\t\t\t\t<div class=\"elementor-element elementor-element-9afec56 elementor-widget elementor-widget-text-editor\" data-id=\"9afec56\" data-element_type=\"widget\" data-e-type=\"widget\" data-widget_type=\"text-editor.default\">\n\t\t\t\t<div class=\"elementor-widget-container\">\n\t\t\t\t\t\t\t\t\t<p>Argentina se convirti\u00f3 en uno de los productores m\u00e1s destacados de Cabernet Sauvignon y hoy te contamos cu\u00e1les son las 20 mejores etiquetas desde Salta a la Patagonia.<\/p>\t\t\t\t\t\t\t\t<\/div>\n\t\t\t\t<\/div>\n\t\t\t\t<div class=\"elementor-element elementor-element-7db3829 elementor-widget elementor-widget-the7_button_widget\" data-id=\"7db3829\" data-element_type=\"widget\" data-e-type=\"widget\" data-widget_type=\"the7_button_widget.default\">\n\t\t\t\t<div class=\"elementor-widget-container\">\n\t\t\t\t\t<div class=\"elementor-button-wrapper\"><a href=\"https:\/\/vinomanos.com\/2022\/08\/dia-del-cabernet-sauvignon\/\" target=\"_blank\" class=\"box-button elementor-button elementor-size-xs\">LEER M\u00c1S<\/a><\/div>\t\t\t\t<\/div>\n\t\t\t\t<\/div>\n\t\t\t\t\t<\/div>\n\t\t\t\t<\/div>\n\t\t\t\t\t<\/div>\n\t\t\t\t<\/div>\n\t\t\t\t<\/div>\n\t\t\t\t\t<\/div>\n\t\t\t\t<\/div>\n\t\t\t\t\t<\/div>\n\t\t\t\t<\/div>\n\t\t\t\t<\/div>\n\t\t","protected":false},"excerpt":{"rendered":"<p>News Alta gama y buen precio: Malbec imperdibles por menos de $7.000. 16\/4\/2022 &#8211; \u00c1MBITO Vinos premium y precio razonable muchas veces no van de la mano. En este caso, ofrecemos un listado de opciones de etiquetas con una excelente relaci\u00f3n precio calidad. LEER M\u00c1S Pascual Toso Alta Syrah: Conoc\u00e9 al mejor Syrah de Argentina.&hellip;<\/p>\n","protected":false},"author":1,"featured_media":0,"parent":0,"menu_order":0,"comment_status":"closed","ping_status":"closed","template":"elementor_header_footer","meta":{"inline_featured_image":false,"footnotes":""},"class_list":["post-4294","page","type-page","status-publish","hentry"],"_links":{"self":[{"href":"https:\/\/bodegastoso.com\/en\/wp-json\/wp\/v2\/pages\/4294","targetHints":{"allow":["GET"]}}],"collection":[{"href":"https:\/\/bodegastoso.com\/en\/wp-json\/wp\/v2\/pages"}],"about":[{"href":"https:\/\/bodegastoso.com\/en\/wp-json\/wp\/v2\/types\/page"}],"author":[{"embeddable":true,"href":"https:\/\/bodegastoso.com\/en\/wp-json\/wp\/v2\/users\/1"}],"replies":[{"embeddable":true,"href":"https:\/\/bodegastoso.com\/en\/wp-json\/wp\/v2\/comments?post=4294"}],"version-history":[{"count":5,"href":"https:\/\/bodegastoso.com\/en\/wp-json\/wp\/v2\/pages\/4294\/revisions"}],"predecessor-version":[{"id":4299,"href":"https:\/\/bodegastoso.com\/en\/wp-json\/wp\/v2\/pages\/4294\/revisions\/4299"}],"wp:attachment":[{"href":"https:\/\/bodegastoso.com\/en\/wp-json\/wp\/v2\/media?parent=4294"}],"curies":[{"name":"wp","href":"https:\/\/api.w.org\/{rel}","templated":true}]}}