{"id":3531,"date":"2023-09-04T13:58:02","date_gmt":"2023-09-04T13:58:02","guid":{"rendered":"https:\/\/www.bodegastoso.com\/equipo\/"},"modified":"2024-05-22T15:43:01","modified_gmt":"2024-05-22T15:43:01","slug":"team","status":"publish","type":"page","link":"https:\/\/bodegastoso.com\/en\/team\/","title":{"rendered":"Team"},"content":{"rendered":"\t\t<div data-elementor-type=\"wp-page\" data-elementor-id=\"3531\" class=\"elementor elementor-3531\" data-elementor-post-type=\"page\">\n\t\t\t\t<div class=\"elementor-element elementor-element-39a0cc0 e-flex e-con-boxed elementor-invisible e-con e-parent\" data-id=\"39a0cc0\" data-element_type=\"container\" data-e-type=\"container\" data-settings=\"{&quot;background_background&quot;:&quot;classic&quot;,&quot;animation&quot;:&quot;fadeIn&quot;}\">\n\t\t\t\t\t<div class=\"e-con-inner\">\n\t\t\t\t<div class=\"elementor-element elementor-element-56bce71 elementor-invisible elementor-widget elementor-widget-heading\" data-id=\"56bce71\" data-element_type=\"widget\" data-e-type=\"widget\" data-settings=\"{&quot;_animation&quot;:&quot;fadeInUp&quot;,&quot;_animation_delay&quot;:600}\" data-widget_type=\"heading.default\">\n\t\t\t\t<div class=\"elementor-widget-container\">\n\t\t\t\t\t<h1 class=\"elementor-heading-title elementor-size-default\">Team<\/h1>\t\t\t\t<\/div>\n\t\t\t\t<\/div>\n\t\t\t\t\t<\/div>\n\t\t\t\t<\/div>\n\t\t<div class=\"elementor-element elementor-element-3c891fd animated-slow e-flex e-con-boxed elementor-invisible e-con e-parent\" data-id=\"3c891fd\" data-element_type=\"container\" data-e-type=\"container\" data-settings=\"{&quot;animation&quot;:&quot;fadeIn&quot;,&quot;animation_delay&quot;:600}\">\n\t\t\t\t\t<div class=\"e-con-inner\">\n\t\t\t\t<div class=\"elementor-element elementor-element-1dba7b3 elementor-widget elementor-widget-heading\" data-id=\"1dba7b3\" data-element_type=\"widget\" data-e-type=\"widget\" data-widget_type=\"heading.default\">\n\t\t\t\t<div class=\"elementor-widget-container\">\n\t\t\t\t\t<h2 class=\"elementor-heading-title elementor-size-default\">Oenologists who know<\/h2>\t\t\t\t<\/div>\n\t\t\t\t<\/div>\n\t\t\t\t<div class=\"elementor-element elementor-element-4e5970a elementor-widget__width-initial elementor-widget elementor-widget-text-editor\" data-id=\"4e5970a\" data-element_type=\"widget\" data-e-type=\"widget\" data-widget_type=\"text-editor.default\">\n\t\t\t\t<div class=\"elementor-widget-container\">\n\t\t\t\t\t\t\t\t\t<p>Our oenology team are incredibly important; they work with the vines to produce grapes that are a great representation of the terroir. From the manager of the vineyard to our winemaker Rodrigo Manuel Romero, <strong>they all share the same passion, commitment and devotion to making uniquely unforgettable wines.<\/strong><\/p>\t\t\t\t\t\t\t\t<\/div>\n\t\t\t\t<\/div>\n\t\t\t\t\t<\/div>\n\t\t\t\t<\/div>\n\t\t<div class=\"elementor-element elementor-element-df3faca elementor-hidden-desktop elementor-hidden-tablet elementor-hidden-mobile e-flex e-con-boxed e-con e-parent\" data-id=\"df3faca\" data-element_type=\"container\" data-e-type=\"container\" data-settings=\"{&quot;background_background&quot;:&quot;classic&quot;}\">\n\t\t\t\t\t<div class=\"e-con-inner\">\n\t\t<div class=\"elementor-element elementor-element-8697d87 e-con-full e-flex elementor-invisible e-con e-child\" data-id=\"8697d87\" data-element_type=\"container\" data-e-type=\"container\" data-settings=\"{&quot;animation&quot;:&quot;fadeInLeft&quot;,&quot;animation_delay&quot;:400}\">\n\t\t\t\t<div class=\"elementor-element elementor-element-71e12c8 elementor-widget elementor-widget-image\" data-id=\"71e12c8\" data-element_type=\"widget\" data-e-type=\"widget\" data-widget_type=\"image.default\">\n\t\t\t\t<div class=\"elementor-widget-container\">\n\t\t\t\t\t\t\t\t\t\t\t\t\t\t\t<img fetchpriority=\"high\" decoding=\"async\" width=\"800\" height=\"719\" src=\"https:\/\/bodegastoso.com\/wp-content\/uploads\/2023\/09\/Paul-Hobbs.jpg\" class=\"attachment-large size-large wp-image-1147\" alt=\"\" srcset=\"https:\/\/bodegastoso.com\/wp-content\/uploads\/2023\/09\/Paul-Hobbs.jpg 800w, https:\/\/bodegastoso.com\/wp-content\/uploads\/2023\/09\/Paul-Hobbs-300x270.jpg 300w, https:\/\/bodegastoso.com\/wp-content\/uploads\/2023\/09\/Paul-Hobbs-768x690.jpg 768w\" sizes=\"(max-width: 800px) 100vw, 800px\" \/>\t\t\t\t\t\t\t\t\t\t\t\t\t\t\t<\/div>\n\t\t\t\t<\/div>\n\t\t\t\t<\/div>\n\t\t<div class=\"elementor-element elementor-element-a52d0bf e-con-full e-flex elementor-invisible e-con e-child\" data-id=\"a52d0bf\" data-element_type=\"container\" data-e-type=\"container\" data-settings=\"{&quot;animation&quot;:&quot;fadeInRight&quot;,&quot;animation_delay&quot;:600}\">\n\t\t\t\t<div class=\"elementor-element elementor-element-726a49c elementor-widget elementor-widget-heading\" data-id=\"726a49c\" data-element_type=\"widget\" data-e-type=\"widget\" data-widget_type=\"heading.default\">\n\t\t\t\t<div class=\"elementor-widget-container\">\n\t\t\t\t\t<h2 class=\"elementor-heading-title elementor-size-default\">Paul Hobbs<\/h2>\t\t\t\t<\/div>\n\t\t\t\t<\/div>\n\t\t\t\t<div class=\"elementor-element elementor-element-d06962b elementor-widget__width-initial elementor-widget elementor-widget-text-editor\" data-id=\"d06962b\" data-element_type=\"widget\" data-e-type=\"widget\" data-widget_type=\"text-editor.default\">\n\t\t\t\t<div class=\"elementor-widget-container\">\n\t\t\t\t\t\t\t\t\tEstamos orgullosos de contar con la sabidur\u00eda y el refinamiento de nuestro consultor internacional de vinos, Paul Hobbs, reconocido en\u00f3logo californiano. \u00c9l nos permite sumar jerarqu\u00eda, personalidad y distinci\u00f3n a nuestros vinos Premium.\t\t\t\t\t\t\t\t<\/div>\n\t\t\t\t<\/div>\n\t\t\t\t<\/div>\n\t\t\t\t\t<\/div>\n\t\t\t\t<\/div>\n\t\t<div class=\"elementor-element elementor-element-5d2007b e-flex e-con-boxed e-con e-parent\" data-id=\"5d2007b\" data-element_type=\"container\" data-e-type=\"container\" data-settings=\"{&quot;background_background&quot;:&quot;classic&quot;}\">\n\t\t\t\t\t<div class=\"e-con-inner\">\n\t\t<div class=\"elementor-element elementor-element-3382c18 e-con-full e-flex elementor-invisible e-con e-child\" data-id=\"3382c18\" data-element_type=\"container\" data-e-type=\"container\" data-settings=\"{&quot;animation&quot;:&quot;fadeInLeft&quot;,&quot;animation_delay&quot;:400}\">\n\t\t\t\t<div class=\"elementor-element elementor-element-d646337 elementor-widget elementor-widget-image\" data-id=\"d646337\" data-element_type=\"widget\" data-e-type=\"widget\" data-widget_type=\"image.default\">\n\t\t\t\t<div class=\"elementor-widget-container\">\n\t\t\t\t\t\t\t\t\t\t\t\t\t\t\t<img decoding=\"async\" width=\"800\" height=\"719\" src=\"https:\/\/bodegastoso.com\/wp-content\/uploads\/2023\/09\/Rodrigo-Manuel-Romero.jpg\" class=\"attachment-large size-large wp-image-1152\" alt=\"\" srcset=\"https:\/\/bodegastoso.com\/wp-content\/uploads\/2023\/09\/Rodrigo-Manuel-Romero.jpg 800w, https:\/\/bodegastoso.com\/wp-content\/uploads\/2023\/09\/Rodrigo-Manuel-Romero-300x270.jpg 300w, https:\/\/bodegastoso.com\/wp-content\/uploads\/2023\/09\/Rodrigo-Manuel-Romero-768x690.jpg 768w\" sizes=\"(max-width: 800px) 100vw, 800px\" \/>\t\t\t\t\t\t\t\t\t\t\t\t\t\t\t<\/div>\n\t\t\t\t<\/div>\n\t\t\t\t<\/div>\n\t\t<div class=\"elementor-element elementor-element-af001c9 e-con-full e-flex elementor-invisible e-con e-child\" data-id=\"af001c9\" data-element_type=\"container\" data-e-type=\"container\" data-settings=\"{&quot;animation&quot;:&quot;fadeInRight&quot;,&quot;animation_delay&quot;:600}\">\n\t\t\t\t<div class=\"elementor-element elementor-element-c235557 elementor-widget elementor-widget-heading\" data-id=\"c235557\" data-element_type=\"widget\" data-e-type=\"widget\" data-widget_type=\"heading.default\">\n\t\t\t\t<div class=\"elementor-widget-container\">\n\t\t\t\t\t<h2 class=\"elementor-heading-title elementor-size-default\">Rodrigo Manuel Romero  - First Oenologist<\/h2>\t\t\t\t<\/div>\n\t\t\t\t<\/div>\n\t\t\t\t<div class=\"elementor-element elementor-element-e532dd1 elementor-widget__width-initial elementor-widget elementor-widget-text-editor\" data-id=\"e532dd1\" data-element_type=\"widget\" data-e-type=\"widget\" data-widget_type=\"text-editor.default\">\n\t\t\t\t<div class=\"elementor-widget-container\">\n\t\t\t\t\t\t\t\t\tRodrigo has more than 20 years of experience in the wine industry and managing vineyards. He Graduated in Oenology from the Don Bosco Faculty of Oenology and Fruit and Vegetable Industry, and since 2005 he has worked as First Oenologist at the Pascual Toso winery developing high-end cuts, always advised by the world renowned Paul Hobbs, our consultant winemaker.\t\t\t\t\t\t\t\t<\/div>\n\t\t\t\t<\/div>\n\t\t\t\t<\/div>\n\t\t\t\t\t<\/div>\n\t\t\t\t<\/div>\n\t\t<div class=\"elementor-element elementor-element-fbf9b58 e-flex e-con-boxed e-con e-parent\" data-id=\"fbf9b58\" data-element_type=\"container\" data-e-type=\"container\" data-settings=\"{&quot;background_background&quot;:&quot;classic&quot;}\">\n\t\t\t\t\t<div class=\"e-con-inner\">\n\t\t<div class=\"elementor-element elementor-element-073cf79 e-con-full e-flex elementor-invisible e-con e-child\" data-id=\"073cf79\" data-element_type=\"container\" data-e-type=\"container\" data-settings=\"{&quot;animation&quot;:&quot;fadeInLeft&quot;,&quot;animation_delay&quot;:400}\">\n\t\t\t\t<div class=\"elementor-element elementor-element-ffc2580 elementor-widget elementor-widget-image\" data-id=\"ffc2580\" data-element_type=\"widget\" data-e-type=\"widget\" data-widget_type=\"image.default\">\n\t\t\t\t<div class=\"elementor-widget-container\">\n\t\t\t\t\t\t\t\t\t\t\t\t\t\t\t<img decoding=\"async\" width=\"800\" height=\"719\" src=\"https:\/\/bodegastoso.com\/wp-content\/uploads\/2023\/09\/Gisella-Paris.jpg\" class=\"attachment-large size-large wp-image-1153\" alt=\"\" srcset=\"https:\/\/bodegastoso.com\/wp-content\/uploads\/2023\/09\/Gisella-Paris.jpg 800w, https:\/\/bodegastoso.com\/wp-content\/uploads\/2023\/09\/Gisella-Paris-300x270.jpg 300w, https:\/\/bodegastoso.com\/wp-content\/uploads\/2023\/09\/Gisella-Paris-768x690.jpg 768w\" sizes=\"(max-width: 800px) 100vw, 800px\" \/>\t\t\t\t\t\t\t\t\t\t\t\t\t\t\t<\/div>\n\t\t\t\t<\/div>\n\t\t\t\t<\/div>\n\t\t<div class=\"elementor-element elementor-element-16601bd e-con-full e-flex elementor-invisible e-con e-child\" data-id=\"16601bd\" data-element_type=\"container\" data-e-type=\"container\" data-settings=\"{&quot;animation&quot;:&quot;fadeInRight&quot;,&quot;animation_delay&quot;:600}\">\n\t\t\t\t<div class=\"elementor-element elementor-element-1c835be elementor-widget elementor-widget-heading\" data-id=\"1c835be\" data-element_type=\"widget\" data-e-type=\"widget\" data-widget_type=\"heading.default\">\n\t\t\t\t<div class=\"elementor-widget-container\">\n\t\t\t\t\t<h2 class=\"elementor-heading-title elementor-size-default\">Gisella Par\u00eds - Oenologist<\/h2>\t\t\t\t<\/div>\n\t\t\t\t<\/div>\n\t\t\t\t<div class=\"elementor-element elementor-element-59451aa elementor-widget__width-initial elementor-widget elementor-widget-text-editor\" data-id=\"59451aa\" data-element_type=\"widget\" data-e-type=\"widget\" data-widget_type=\"text-editor.default\">\n\t\t\t\t<div class=\"elementor-widget-container\">\n\t\t\t\t\t\t\t\t\tGisella was born on August 20, 1985 in Mendoza. She has worked professionally for more than 18 years in renowned wineries in the region. Since 2016, she has been part of the Pascual Toso staff, and is in charge of the development and innovation of the Estate line and most of the white wine blends.\t\t\t\t\t\t\t\t<\/div>\n\t\t\t\t<\/div>\n\t\t\t\t<\/div>\n\t\t\t\t\t<\/div>\n\t\t\t\t<\/div>\n\t\t<div class=\"elementor-element elementor-element-d922661 e-flex e-con-boxed e-con e-parent\" data-id=\"d922661\" data-element_type=\"container\" data-e-type=\"container\" data-settings=\"{&quot;background_background&quot;:&quot;classic&quot;}\">\n\t\t\t\t\t<div class=\"e-con-inner\">\n\t\t<div class=\"elementor-element elementor-element-2ca7677 e-con-full e-flex elementor-invisible e-con e-child\" data-id=\"2ca7677\" data-element_type=\"container\" data-e-type=\"container\" data-settings=\"{&quot;animation&quot;:&quot;fadeInLeft&quot;,&quot;animation_delay&quot;:400}\">\n\t\t\t\t<div class=\"elementor-element elementor-element-f079dd6 elementor-widget elementor-widget-image\" data-id=\"f079dd6\" data-element_type=\"widget\" data-e-type=\"widget\" data-widget_type=\"image.default\">\n\t\t\t\t<div class=\"elementor-widget-container\">\n\t\t\t\t\t\t\t\t\t\t\t\t\t\t\t<img loading=\"lazy\" decoding=\"async\" width=\"800\" height=\"719\" src=\"https:\/\/bodegastoso.com\/wp-content\/uploads\/2023\/09\/Dino-Lucentini.jpg\" class=\"attachment-large size-large wp-image-1155\" alt=\"\" srcset=\"https:\/\/bodegastoso.com\/wp-content\/uploads\/2023\/09\/Dino-Lucentini.jpg 800w, https:\/\/bodegastoso.com\/wp-content\/uploads\/2023\/09\/Dino-Lucentini-300x270.jpg 300w, https:\/\/bodegastoso.com\/wp-content\/uploads\/2023\/09\/Dino-Lucentini-768x690.jpg 768w\" sizes=\"(max-width: 800px) 100vw, 800px\" \/>\t\t\t\t\t\t\t\t\t\t\t\t\t\t\t<\/div>\n\t\t\t\t<\/div>\n\t\t\t\t<\/div>\n\t\t<div class=\"elementor-element elementor-element-f8e72cf e-con-full e-flex elementor-invisible e-con e-child\" data-id=\"f8e72cf\" data-element_type=\"container\" data-e-type=\"container\" data-settings=\"{&quot;animation&quot;:&quot;fadeInRight&quot;,&quot;animation_delay&quot;:600}\">\n\t\t\t\t<div class=\"elementor-element elementor-element-25e8e59 elementor-widget elementor-widget-heading\" data-id=\"25e8e59\" data-element_type=\"widget\" data-e-type=\"widget\" data-widget_type=\"heading.default\">\n\t\t\t\t<div class=\"elementor-widget-container\">\n\t\t\t\t\t<h2 class=\"elementor-heading-title elementor-size-default\">Dino Lucentini - Oenologist<\/h2>\t\t\t\t<\/div>\n\t\t\t\t<\/div>\n\t\t\t\t<div class=\"elementor-element elementor-element-ec4dbfa elementor-widget__width-initial elementor-widget elementor-widget-text-editor\" data-id=\"ec4dbfa\" data-element_type=\"widget\" data-e-type=\"widget\" data-widget_type=\"text-editor.default\">\n\t\t\t\t<div class=\"elementor-widget-container\">\n\t\t\t\t\t\t\t\t\tDino comes from a family of winegrowers, so he has developed a great passion for winemaking throughout his life. He has a degree in Oenology and Fruit and Vegetable Industry from the Juan Agust\u00edn Maza University, \u201cDon Bosco\u201d Technological Faculty. He has extensive experience in various renowned wineries in the region, and has been part of the Pascual Toso team for 16 years. He currently works as First Winemaker of base and sparkling wines in our winery.\t\t\t\t\t\t\t\t<\/div>\n\t\t\t\t<\/div>\n\t\t\t\t<\/div>\n\t\t\t\t\t<\/div>\n\t\t\t\t<\/div>\n\t\t<div class=\"elementor-element elementor-element-88ac925 e-flex e-con-boxed e-con e-parent\" data-id=\"88ac925\" data-element_type=\"container\" data-e-type=\"container\" data-settings=\"{&quot;background_background&quot;:&quot;classic&quot;}\">\n\t\t\t\t\t<div class=\"e-con-inner\">\n\t\t<div class=\"elementor-element elementor-element-ce9dff1 e-con-full e-flex elementor-invisible e-con e-child\" data-id=\"ce9dff1\" data-element_type=\"container\" data-e-type=\"container\" data-settings=\"{&quot;animation&quot;:&quot;fadeInLeft&quot;,&quot;animation_delay&quot;:400}\">\n\t\t\t\t<div class=\"elementor-element elementor-element-ad93b0b elementor-widget elementor-widget-image\" data-id=\"ad93b0b\" data-element_type=\"widget\" data-e-type=\"widget\" data-widget_type=\"image.default\">\n\t\t\t\t<div class=\"elementor-widget-container\">\n\t\t\t\t\t\t\t\t\t\t\t\t\t\t\t<img loading=\"lazy\" decoding=\"async\" width=\"800\" height=\"719\" src=\"https:\/\/bodegastoso.com\/wp-content\/uploads\/2023\/09\/Gabriel-Abrahan.jpg\" class=\"attachment-large size-large wp-image-1154\" alt=\"\" srcset=\"https:\/\/bodegastoso.com\/wp-content\/uploads\/2023\/09\/Gabriel-Abrahan.jpg 800w, https:\/\/bodegastoso.com\/wp-content\/uploads\/2023\/09\/Gabriel-Abrahan-300x270.jpg 300w, https:\/\/bodegastoso.com\/wp-content\/uploads\/2023\/09\/Gabriel-Abrahan-768x690.jpg 768w\" sizes=\"(max-width: 800px) 100vw, 800px\" \/>\t\t\t\t\t\t\t\t\t\t\t\t\t\t\t<\/div>\n\t\t\t\t<\/div>\n\t\t\t\t<\/div>\n\t\t<div class=\"elementor-element elementor-element-1ad9f84 e-con-full e-flex elementor-invisible e-con e-child\" data-id=\"1ad9f84\" data-element_type=\"container\" data-e-type=\"container\" data-settings=\"{&quot;background_background&quot;:&quot;classic&quot;,&quot;animation&quot;:&quot;fadeInRight&quot;,&quot;animation_delay&quot;:600}\">\n\t\t\t\t<div class=\"elementor-element elementor-element-4d32523 elementor-widget elementor-widget-heading\" data-id=\"4d32523\" data-element_type=\"widget\" data-e-type=\"widget\" data-widget_type=\"heading.default\">\n\t\t\t\t<div class=\"elementor-widget-container\">\n\t\t\t\t\t<h2 class=\"elementor-heading-title elementor-size-default\">Gabriel Abrahan - Oenologist<\/h2>\t\t\t\t<\/div>\n\t\t\t\t<\/div>\n\t\t\t\t<div class=\"elementor-element elementor-element-698b3fb elementor-widget__width-initial elementor-widget elementor-widget-text-editor\" data-id=\"698b3fb\" data-element_type=\"widget\" data-e-type=\"widget\" data-widget_type=\"text-editor.default\">\n\t\t\t\t<div class=\"elementor-widget-container\">\n\t\t\t\t\t\t\t\t\tGabriel has more than 10 years\u2019 experience in the wine industry in the Mendoza region. By profession, he is a Technician in Oenology and Fruit and Vegetable Industries, graduating from the Don Bosco Higher Institute in the city of Mendoza. He is currently working on the production of base and sparkling wines in our winery.\t\t\t\t\t\t\t\t<\/div>\n\t\t\t\t<\/div>\n\t\t\t\t<\/div>\n\t\t\t\t\t<\/div>\n\t\t\t\t<\/div>\n\t\t\t\t<\/div>\n\t\t","protected":false},"excerpt":{"rendered":"<p>Team Oenologists who know Our oenology team are incredibly important; they work with the vines to produce grapes that are a great representation of the terroir. From the manager of the vineyard to our winemaker Rodrigo Manuel Romero, they all share the same passion, commitment and devotion to making uniquely unforgettable wines. Paul Hobbs Estamos&hellip;<\/p>\n","protected":false},"author":1,"featured_media":0,"parent":0,"menu_order":0,"comment_status":"closed","ping_status":"closed","template":"elementor_header_footer","meta":{"inline_featured_image":false,"footnotes":""},"class_list":["post-3531","page","type-page","status-publish","hentry"],"_links":{"self":[{"href":"https:\/\/bodegastoso.com\/en\/wp-json\/wp\/v2\/pages\/3531","targetHints":{"allow":["GET"]}}],"collection":[{"href":"https:\/\/bodegastoso.com\/en\/wp-json\/wp\/v2\/pages"}],"about":[{"href":"https:\/\/bodegastoso.com\/en\/wp-json\/wp\/v2\/types\/page"}],"author":[{"embeddable":true,"href":"https:\/\/bodegastoso.com\/en\/wp-json\/wp\/v2\/users\/1"}],"replies":[{"embeddable":true,"href":"https:\/\/bodegastoso.com\/en\/wp-json\/wp\/v2\/comments?post=3531"}],"version-history":[{"count":16,"href":"https:\/\/bodegastoso.com\/en\/wp-json\/wp\/v2\/pages\/3531\/revisions"}],"predecessor-version":[{"id":3548,"href":"https:\/\/bodegastoso.com\/en\/wp-json\/wp\/v2\/pages\/3531\/revisions\/3548"}],"wp:attachment":[{"href":"https:\/\/bodegastoso.com\/en\/wp-json\/wp\/v2\/media?parent=3531"}],"curies":[{"name":"wp","href":"https:\/\/api.w.org\/{rel}","templated":true}]}}