{"id":3513,"date":"2023-08-28T20:36:56","date_gmt":"2023-08-28T20:36:56","guid":{"rendered":"https:\/\/www.bodegastoso.com\/historia\/"},"modified":"2025-04-30T17:58:26","modified_gmt":"2025-04-30T17:58:26","slug":"history","status":"publish","type":"page","link":"https:\/\/bodegastoso.com\/en\/history\/","title":{"rendered":"History"},"content":{"rendered":"\t\t<div data-elementor-type=\"wp-page\" data-elementor-id=\"3513\" class=\"elementor elementor-3513\" data-elementor-post-type=\"page\">\n\t\t\t\t<div class=\"elementor-element elementor-element-39a0cc0 e-flex e-con-boxed elementor-invisible e-con e-parent\" data-id=\"39a0cc0\" data-element_type=\"container\" data-e-type=\"container\" data-settings=\"{&quot;background_background&quot;:&quot;classic&quot;,&quot;animation&quot;:&quot;fadeIn&quot;}\">\n\t\t\t\t\t<div class=\"e-con-inner\">\n\t\t\t\t<div class=\"elementor-element elementor-element-56bce71 elementor-invisible elementor-widget elementor-widget-heading\" data-id=\"56bce71\" data-element_type=\"widget\" data-e-type=\"widget\" data-settings=\"{&quot;_animation&quot;:&quot;fadeInUp&quot;,&quot;_animation_delay&quot;:600}\" data-widget_type=\"heading.default\">\n\t\t\t\t<div class=\"elementor-widget-container\">\n\t\t\t\t\t<h1 class=\"elementor-heading-title elementor-size-default\">History<\/h1>\t\t\t\t<\/div>\n\t\t\t\t<\/div>\n\t\t\t\t<div class=\"elementor-element elementor-element-2020789 elementor-invisible elementor-widget elementor-widget-video\" data-id=\"2020789\" data-element_type=\"widget\" data-e-type=\"widget\" data-settings=\"{&quot;_animation&quot;:&quot;fadeIn&quot;,&quot;_animation_delay&quot;:600,&quot;video_type&quot;:&quot;hosted&quot;,&quot;controls&quot;:&quot;yes&quot;}\" data-widget_type=\"video.default\">\n\t\t\t\t<div class=\"elementor-widget-container\">\n\t\t\t\t\t\t\t<div class=\"e-hosted-video elementor-wrapper elementor-open-inline\">\n\t\t\t\t\t<video class=\"elementor-video\" src=\"https:\/\/bodegastoso.com\/wp-content\/uploads\/2025\/04\/Instituciona-subs-en-ingles.mp4\" controls=\"\" preload=\"metadata\" controlsList=\"nodownload\" poster=\"https:\/\/bodegastoso.com\/wp-content\/uploads\/2023\/10\/poster-video.jpg\"><\/video>\n\t\t\t\t<\/div>\n\t\t\t\t\t\t<\/div>\n\t\t\t\t<\/div>\n\t\t\t\t\t<\/div>\n\t\t\t\t<\/div>\n\t\t<div class=\"elementor-element elementor-element-4c3b70f e-flex e-con-boxed elementor-invisible e-con e-parent\" data-id=\"4c3b70f\" data-element_type=\"container\" data-e-type=\"container\" data-settings=\"{&quot;background_background&quot;:&quot;classic&quot;,&quot;animation&quot;:&quot;fadeInUp&quot;,&quot;animation_delay&quot;:400}\">\n\t\t\t\t\t<div class=\"e-con-inner\">\n\t\t\t\t<div class=\"elementor-element elementor-element-fff5ffc elementor-widget elementor-widget-heading\" data-id=\"fff5ffc\" data-element_type=\"widget\" data-e-type=\"widget\" data-widget_type=\"heading.default\">\n\t\t\t\t<div class=\"elementor-widget-container\">\n\t\t\t\t\t<h2 class=\"elementor-heading-title elementor-size-default\">A wine that tastes\n<\/h2>\t\t\t\t<\/div>\n\t\t\t\t<\/div>\n\t\t\t\t\t<\/div>\n\t\t\t\t<\/div>\n\t\t<div class=\"elementor-element elementor-element-275ae3c e-flex e-con-boxed e-con e-parent\" data-id=\"275ae3c\" data-element_type=\"container\" data-e-type=\"container\" data-settings=\"{&quot;background_background&quot;:&quot;classic&quot;}\">\n\t\t\t\t\t<div class=\"e-con-inner\">\n\t\t<div class=\"elementor-element elementor-element-96455f5 e-con-full e-flex elementor-invisible e-con e-child\" data-id=\"96455f5\" data-element_type=\"container\" data-e-type=\"container\" data-settings=\"{&quot;animation&quot;:&quot;fadeInLeft&quot;,&quot;animation_delay&quot;:600}\">\n\t\t\t\t<div class=\"elementor-element elementor-element-b78bdca elementor-widget elementor-widget-text-editor\" data-id=\"b78bdca\" data-element_type=\"widget\" data-e-type=\"widget\" data-widget_type=\"text-editor.default\">\n\t\t\t\t<div class=\"elementor-widget-container\">\n\t\t\t\t\t\t\t\t\t<p>The Winery has more than 20 years of experience exporting to almost 30 markets, such as the United Kingdom, the USA, Japan, Europe, Russia, Korea, Canada and Latin America.<br \/><br \/><strong>Our winemaking represents our passion for wines and our commitment to quality winemaking.<br \/><br \/><\/strong>Since 1890, Bodegas y Vi\u00f1edos Pascual Toso remains faithful to its principles: authenticity and innovation.<br \/><br \/>Pascual Toso was born on October 24, 1859 into a family in Canale D&#8217;Alba, a small Italian town. From his parents he learned agriculture and how to manage vineyards.<br \/><br \/>In the mid-1880s, when he began his journey to Argentina, he could not imagine that he would become the founder of one of the oldest and most prestigious wineries in the country.<\/p>\t\t\t\t\t\t\t\t<\/div>\n\t\t\t\t<\/div>\n\t\t\t\t<\/div>\n\t\t<div class=\"elementor-element elementor-element-c33ea2e e-con-full e-flex elementor-invisible e-con e-child\" data-id=\"c33ea2e\" data-element_type=\"container\" data-e-type=\"container\" data-settings=\"{&quot;animation&quot;:&quot;fadeInRight&quot;,&quot;animation_delay&quot;:600}\">\n\t\t\t\t<div class=\"elementor-element elementor-element-f8f9e73 elementor-widget elementor-widget-text-editor\" data-id=\"f8f9e73\" data-element_type=\"widget\" data-e-type=\"widget\" data-widget_type=\"text-editor.default\">\n\t\t\t\t<div class=\"elementor-widget-container\">\n\t\t\t\t\t\t\t\t\t<p>Upon arrival, he settled in Mendoza. Having been closely involved in wine development with his family in Piedmont, he was immediately able to identify the region&#8217;s promising future for winemaking and he decided to apply his knowledge and develop vineyards for his own wines.<br \/><br \/>Thus, in 1890, Pascual Toso established his first winery in San Jos\u00e9, Guaymall\u00e9n, and at the beginning of the 20th century, he decided to expand his business by acquiring new vineyards in Maip\u00fa. On his farm he built another winery, &#8220;Las Barrancas&#8221; (which means \u2018Small Canyon\u2019), dedicated to the production and cultivation of the best grapes.<br \/><br \/>Today, Pascual Toso continues to make premium quality wines to the highest standards. In 2016, the winery was awarded the Best Argentine Producer Trophy at the International Wine and Spirit Competition (IWSC) in London, which reflected the commitment to winemaking knowledge that this Winery has, which is one of the reasons why Pascual Toso wines have achieved international recognition and prestige.<\/p>\t\t\t\t\t\t\t\t<\/div>\n\t\t\t\t<\/div>\n\t\t\t\t<\/div>\n\t\t\t\t\t<\/div>\n\t\t\t\t<\/div>\n\t\t\t\t<\/div>\n\t\t","protected":false},"excerpt":{"rendered":"<p>History https:\/\/bodegastoso.com\/wp-content\/uploads\/2025\/04\/Instituciona-subs-en-ingles.mp4 A wine that tastes The Winery has more than 20 years of experience exporting to almost 30 markets, such as the United Kingdom, the USA, Japan, Europe, Russia, Korea, Canada and Latin America. Our winemaking represents our passion for wines and our commitment to quality winemaking. Since 1890, Bodegas y Vi\u00f1edos Pascual Toso&hellip;<\/p>\n","protected":false},"author":1,"featured_media":0,"parent":0,"menu_order":0,"comment_status":"closed","ping_status":"closed","template":"elementor_header_footer","meta":{"inline_featured_image":false,"footnotes":""},"class_list":["post-3513","page","type-page","status-publish","hentry"],"_links":{"self":[{"href":"https:\/\/bodegastoso.com\/en\/wp-json\/wp\/v2\/pages\/3513","targetHints":{"allow":["GET"]}}],"collection":[{"href":"https:\/\/bodegastoso.com\/en\/wp-json\/wp\/v2\/pages"}],"about":[{"href":"https:\/\/bodegastoso.com\/en\/wp-json\/wp\/v2\/types\/page"}],"author":[{"embeddable":true,"href":"https:\/\/bodegastoso.com\/en\/wp-json\/wp\/v2\/users\/1"}],"replies":[{"embeddable":true,"href":"https:\/\/bodegastoso.com\/en\/wp-json\/wp\/v2\/comments?post=3513"}],"version-history":[{"count":13,"href":"https:\/\/bodegastoso.com\/en\/wp-json\/wp\/v2\/pages\/3513\/revisions"}],"predecessor-version":[{"id":5451,"href":"https:\/\/bodegastoso.com\/en\/wp-json\/wp\/v2\/pages\/3513\/revisions\/5451"}],"wp:attachment":[{"href":"https:\/\/bodegastoso.com\/en\/wp-json\/wp\/v2\/media?parent=3513"}],"curies":[{"name":"wp","href":"https:\/\/api.w.org\/{rel}","templated":true}]}}